{"id":2180,"date":"2021-02-15T21:17:13","date_gmt":"2021-02-15T20:17:13","guid":{"rendered":"https:\/\/flowers2mallorca.com\/delivery\/champagne-veuve-clicquot\/"},"modified":"2021-03-10T08:48:51","modified_gmt":"2021-03-10T07:48:51","slug":"champan-veuve-clicquot","status":"publish","type":"product","link":"https:\/\/flowers2mallorca.com\/es\/enviar\/champan-veuve-clicquot\/","title":{"rendered":"Champ\u00e1n Veuve Clicquot"},"content":{"rendered":"<p>No se realiza la venta de bebidas alcoh\u00f3licas a personas menores de 18 a\u00f1os y ser\u00e1 necesario verificar la mayor\u00eda de edad antes de entregar el pedido.<\/p>\n","protected":false},"excerpt":{"rendered":"<p>No se realiza la venta de bebidas alcoh\u00f3licas a personas menores de 18 a\u00f1os y ser\u00e1 necesario verificar la mayor\u00eda de edad antes de entregar el pedido.<\/p>\n","protected":false},"featured_media":1492,"template":"","meta":{"_joinchat":[]},"product_brand":[],"product_cat":[80],"product_tag":[],"class_list":{"0":"post-2180","1":"product","2":"type-product","3":"status-publish","4":"has-post-thumbnail","6":"product_cat-alcohol-es","8":"first","9":"instock","10":"shipping-taxable","11":"purchasable","12":"product-type-simple"},"jetpack_sharing_enabled":true,"_links":{"self":[{"href":"https:\/\/flowers2mallorca.com\/es\/wp-json\/wp\/v2\/product\/2180","targetHints":{"allow":["GET"]}}],"collection":[{"href":"https:\/\/flowers2mallorca.com\/es\/wp-json\/wp\/v2\/product"}],"about":[{"href":"https:\/\/flowers2mallorca.com\/es\/wp-json\/wp\/v2\/types\/product"}],"wp:featuredmedia":[{"embeddable":true,"href":"https:\/\/flowers2mallorca.com\/es\/wp-json\/wp\/v2\/media\/1492"}],"wp:attachment":[{"href":"https:\/\/flowers2mallorca.com\/es\/wp-json\/wp\/v2\/media?parent=2180"}],"wp:term":[{"taxonomy":"product_brand","embeddable":true,"href":"https:\/\/flowers2mallorca.com\/es\/wp-json\/wp\/v2\/product_brand?post=2180"},{"taxonomy":"product_cat","embeddable":true,"href":"https:\/\/flowers2mallorca.com\/es\/wp-json\/wp\/v2\/product_cat?post=2180"},{"taxonomy":"product_tag","embeddable":true,"href":"https:\/\/flowers2mallorca.com\/es\/wp-json\/wp\/v2\/product_tag?post=2180"}],"curies":[{"name":"wp","href":"https:\/\/api.w.org\/{rel}","templated":true}]}}