{"id":2155,"date":"2021-02-11T16:31:41","date_gmt":"2021-02-11T15:31:41","guid":{"rendered":"https:\/\/flowers2mallorca.com\/delivery\/sorpresa-en-mallorca\/"},"modified":"2021-03-10T00:19:29","modified_gmt":"2021-03-09T23:19:29","slug":"sorpresa-en-mallorca","status":"publish","type":"product","link":"https:\/\/flowers2mallorca.com\/es\/enviar\/sorpresa-en-mallorca\/","title":{"rendered":"Sorpresa"},"content":{"rendered":"<p>Este ramo se elaborar\u00e1 instant\u00e1neamente con las flores frescas que elijas. Ser\u00e1 entregado personalmente por la florister\u00eda a la direcci\u00f3n indicada \u00fanicamente en las Islas Baleares.<\/p>\n<p>Si desea alguna modificaci\u00f3n o cambio, puede contactar con nosotros por WhatsApp, ll\u00e1menos y le ayudaremos a tomar la mejor decisi\u00f3n.<\/p>\n<p>Las flores son Frescas y Naturales, especialmente cuidadas para que lleguen a su destino con la mayor frescura y brillo. Somos especialistas en ramos de flores de tama\u00f1os especiales.<\/p>\n<p>\u00bfEnviar Ramo a Mallorca?<\/p>\n<p>Entregamos Rosas y otras flores en la Isla de Mallorca. Entregado directamente por la florister\u00eda. Florister\u00eda en Palma de Mallorca.<\/p>\n<p>Preparado con Amor para entregar a su destino.<\/p>\n<p>Enviar flores a Mallorca<\/p>\n<p>Enviar flores a Ibiza<\/p>\n<p>M\u00e1s de 30 a\u00f1os repartiendo flores en Palma de Mallorca.<\/p>\n<p>Si quieres enviar un ramo a Palma de Mallorca esta es la mejor opci\u00f3n.<\/p>\n","protected":false},"excerpt":{"rendered":"<p>Un ramo de rosas rojas, margaritas y girasoles.<\/p>\n<p>Puede a\u00f1adir una base de cristal para este ramo&nbsp;<\/p>\n[wcps id='946']\n","protected":false},"featured_media":1900,"template":"","meta":{"_joinchat":[]},"product_brand":[],"product_cat":[82],"product_tag":[],"class_list":{"0":"post-2155","1":"product","2":"type-product","3":"status-publish","4":"has-post-thumbnail","6":"product_cat-ramos-de-flores","8":"first","9":"instock","10":"shipping-taxable","11":"purchasable","12":"product-type-simple"},"jetpack_sharing_enabled":true,"_links":{"self":[{"href":"https:\/\/flowers2mallorca.com\/es\/wp-json\/wp\/v2\/product\/2155","targetHints":{"allow":["GET"]}}],"collection":[{"href":"https:\/\/flowers2mallorca.com\/es\/wp-json\/wp\/v2\/product"}],"about":[{"href":"https:\/\/flowers2mallorca.com\/es\/wp-json\/wp\/v2\/types\/product"}],"wp:featuredmedia":[{"embeddable":true,"href":"https:\/\/flowers2mallorca.com\/es\/wp-json\/wp\/v2\/media\/1900"}],"wp:attachment":[{"href":"https:\/\/flowers2mallorca.com\/es\/wp-json\/wp\/v2\/media?parent=2155"}],"wp:term":[{"taxonomy":"product_brand","embeddable":true,"href":"https:\/\/flowers2mallorca.com\/es\/wp-json\/wp\/v2\/product_brand?post=2155"},{"taxonomy":"product_cat","embeddable":true,"href":"https:\/\/flowers2mallorca.com\/es\/wp-json\/wp\/v2\/product_cat?post=2155"},{"taxonomy":"product_tag","embeddable":true,"href":"https:\/\/flowers2mallorca.com\/es\/wp-json\/wp\/v2\/product_tag?post=2155"}],"curies":[{"name":"wp","href":"https:\/\/api.w.org\/{rel}","templated":true}]}}