{"id":2124,"date":"2021-02-11T16:31:10","date_gmt":"2021-02-11T15:31:10","guid":{"rendered":"https:\/\/flowers2mallorca.com\/deliver\/phalaenopsis-cherry\/"},"modified":"2023-07-18T19:52:04","modified_gmt":"2023-07-18T17:52:04","slug":"orquidea-phalaenopsis-cherry","status":"publish","type":"product","link":"https:\/\/flowers2mallorca.com\/es\/enviar\/orquidea-phalaenopsis-cherry\/","title":{"rendered":"Orqu\u00eddea Phalenopsis Cherry Fucsia"},"content":{"rendered":"<p>Orqu\u00eddea natural Phalaenopsis. Entregamos las orqu\u00eddeas frescas directo del cultivador.<\/p>\n","protected":false},"excerpt":{"rendered":"<p>Si desea tener un arreglo de varias plantas de orqu\u00eddeas, elija una de sus opciones favoritas, 2, 3 o 5 plantas, y las plantaremos juntas en una base adecuada.<br \/>\nPuede agregar este cubre-macetas especial de cristal para esta orqu\u00eddea. [wcps id='1023']<\/p>\n","protected":false},"featured_media":1982,"template":"","meta":{"_joinchat":[]},"product_brand":[],"product_cat":[90],"product_tag":[],"class_list":{"0":"post-2124","1":"product","2":"type-product","3":"status-publish","4":"has-post-thumbnail","6":"product_cat-orquideas-y-plantas-de-interior","8":"first","9":"instock","10":"shipping-taxable","11":"purchasable","12":"product-type-variable"},"jetpack_sharing_enabled":true,"_links":{"self":[{"href":"https:\/\/flowers2mallorca.com\/es\/wp-json\/wp\/v2\/product\/2124","targetHints":{"allow":["GET"]}}],"collection":[{"href":"https:\/\/flowers2mallorca.com\/es\/wp-json\/wp\/v2\/product"}],"about":[{"href":"https:\/\/flowers2mallorca.com\/es\/wp-json\/wp\/v2\/types\/product"}],"wp:featuredmedia":[{"embeddable":true,"href":"https:\/\/flowers2mallorca.com\/es\/wp-json\/wp\/v2\/media\/1982"}],"wp:attachment":[{"href":"https:\/\/flowers2mallorca.com\/es\/wp-json\/wp\/v2\/media?parent=2124"}],"wp:term":[{"taxonomy":"product_brand","embeddable":true,"href":"https:\/\/flowers2mallorca.com\/es\/wp-json\/wp\/v2\/product_brand?post=2124"},{"taxonomy":"product_cat","embeddable":true,"href":"https:\/\/flowers2mallorca.com\/es\/wp-json\/wp\/v2\/product_cat?post=2124"},{"taxonomy":"product_tag","embeddable":true,"href":"https:\/\/flowers2mallorca.com\/es\/wp-json\/wp\/v2\/product_tag?post=2124"}],"curies":[{"name":"wp","href":"https:\/\/api.w.org\/{rel}","templated":true}]}}