{"id":2164,"date":"2021-02-11T13:11:08","date_gmt":"2021-02-11T13:11:08","guid":{"rendered":"https:\/\/flowers2mallorca.com\/privacy-policy\/"},"modified":"2025-02-18T11:52:41","modified_gmt":"2025-02-18T10:52:41","slug":"privacidad-datos","status":"publish","type":"page","link":"https:\/\/flowers2mallorca.com\/es\/privacidad-datos\/","title":{"rendered":"Privacidad de datos"},"content":{"rendered":"\r\n<p><strong>CONDICIONES DE VENTA<\/strong><\/p>\r\n<p>Debido al car\u00e1cter perecedero de nuestros productos y a nuestra situaci\u00f3n geogr\u00e1fica, dependiendo de la \u00e9poca del a\u00f1o en la que se realiza el pedido\u00a0<strong>la disponibilidad de algunas flores, cestas, peluches, tarjetas, chocolates y cajas<\/strong> publicadas en la web www.flowers2mallorca.com <strong>podr\u00e1n variar en funci\u00f3n de las existencias de la florister\u00eda<\/strong>\u00a0siempre respetando el mismo valor de la cesta\/caja inicial.<\/p>\r\n<p>Cuando realizamos alg\u00fan cambio es para mejorar y garantizar la m\u00e1xima calidad y frescura.<\/p>\r\n<p>Es por ello que el cliente comprende y acepta que nos reservamos\u00a0 el derecho de realizar modificar o cambiar el producto en funci\u00f3n de las existencias\u00a0para priorizar la mejor entrega.<\/p>\r\n<p><strong>PROTECCI\u00d3N DE DATOS<\/strong><\/p>\r\n<p>De conformidad con lo establecido en el Art. 5 de la Ley Org\u00e1nica 15\/1999 de diciembre de Protecci\u00f3n de Datos de Car\u00e1cter Personal, por el que se regula el derecho de informaci\u00f3n en la recogida de datos le informamos de los siguientes extremos:<\/p>\r\n<p>&#8211;\u00a0\u00a0\u00a0\u00a0\u00a0\u00a0Los datos de car\u00e1cter personal que nos ha suministrado en esta y otras comunicaciones mantenidas con usted ser\u00e1n objeto de tratamiento en los ficheros responsabilidad de Alexandre Amrani<strong>.<\/strong><\/p>\r\n<p>&#8211;\u00a0\u00a0\u00a0\u00a0\u00a0\u00a0La finalidad del tratamiento es la de gestionar de forma adecuada la prestaci\u00f3n del servicio que nos ha requerido. As\u00ed mismo estos datos no ser\u00e1n cedidos a terceros, salvo las cesiones legalmente permitidas.<\/p>\r\n<p>&#8211;\u00a0\u00a0\u00a0\u00a0\u00a0\u00a0Los datos solicitados a trav\u00e9s de esta y otras comunicaciones son de suministro obligatorio para la prestaci\u00f3n del servicio. Estos son adecuados, pertinentes y no excesivos.<\/p>\r\n<p>&#8211;\u00a0\u00a0\u00a0\u00a0\u00a0\u00a0Su negativa a suministrar los datos solicitados implica la imposibilidad prestarle el servicio.<\/p>\r\n<p>&#8211;\u00a0\u00a0\u00a0\u00a0\u00a0\u00a0As\u00ed mismo, le informamos de la posibilidad de ejercitar los correspondiente derechos de acceso, rectificaci\u00f3n, cancelaci\u00f3n y oposici\u00f3n de conformidad con lo establecido en la Ley 15\/1999 ante Alexandre Amrani como responsable\u00a0del fichero.\u00a0<strong>Los derechos mencionados los puede ejercitar a trav\u00e9s de los siguientes medios: <\/strong><a href=\"mailto:info@flowersibiza.com\">info@flowersibiza.com<\/a> C\/ Isidoro Macabich, 22 07840 &#8211; Santa Eulalia Ibiza &#8211; Islas Baleares ESPA\u00d1A<\/p>\r\n<p><strong>POL\u00cdTICA DE PRIVACIDAD<\/strong><\/p>\r\n<p>&nbsp;<\/p>\r\n<p><strong>INTRODUCCI\u00d3N.<\/strong><\/p>\r\n<p>Alexandre Amrani, en adelante Florister\u00eda El Ramo de Flores, recopila, trata y almacena informaci\u00f3n personal a trav\u00e9s de la web de su propiedad www.flowers2mallorca.com.<\/p>\r\n<p>Esta informaci\u00f3n ser\u00e1 relativa a los usuarios de la web. La informaci\u00f3n se recopilar\u00e1, tratar\u00e1 y almacenar\u00e1 conforme a la presente Pol\u00edtica de Privacidad.<\/p>\r\n<p>Esta Pol\u00edtica de Privacidad fue actualizada el 24\/09\/2018.<\/p>\r\n<p><strong>RESPONSABLE LEGAL<\/strong><\/p>\r\n<p>Denominaci\u00f3n comercial: Florister\u00eda El Ramo de Flores<br \/>Denominaci\u00f3n social: Alexandre Amrani<br \/>Identificador fiscal: X1885568M<br \/>Domicilio: <a href=\"https:\/\/www.google.com\/maps\/search\/Calle%20Isidoro%20Macabich%2C%2022%20bajos%2007840%20Santa%20Eulalia%20el%20Rio%20(Illes%20Balears)%20Espa%C3%B1a\">Calle Isidoro Macabich, 22 bajos 07840 Santa Eulalia el Rio (Illes Balears) Espa\u00f1a<\/a><br \/>E-mail de contacto: info@flowersibiza.com<\/p>\r\n<p><strong>LEYES DE APLICACI\u00d3N EN ESTA WEB<\/strong><\/p>\r\n<ul>\r\n<li>RGPD (Reglamento (UE) 2016\/679 del Parlamento Europeo y del Consejo de 27 de abril de 2016 relativo a la protecci\u00f3n de las personas f\u00edsicas)<\/li>\r\n<li>LOPD (Ley Org\u00e1nica 15\/1999, de 13 de diciembre, de Protecci\u00f3n de Datos de Car\u00e1cter Personal y Real Decreto 1720\/2007, de 21 de diciembre, Reglamento de desarrollo de la LOPD)<\/li>\r\n<li>LSSI (Ley 34\/2002, de 11 de julio, de Servicios de la Sociedad de la Informaci\u00f3n y Comercio Electr\u00f3nico)<\/li>\r\n<\/ul>\r\n<p><strong>DATOS RECOPILADOS<\/strong><\/p>\r\n<p>\u00danicamente se recopilar\u00e1n los datos estrictamente necesarios para llevar a cabo la normal actividad del servicio. Ajust\u00e1ndose al principio de minimizaci\u00f3n de datos (Art.5.b GDPR).<br \/>Los datos recopilados ser\u00e1n en todo caso de mayores de 16 a\u00f1os (Art. 8.1 GDPR). El Ramo de Flores\u00a0se reserva el derecho a tomar las medidas oportunas para comprobar la veracidad de la edad (Art. 8.2 GDPR).<br \/>En todo caso estos datos ser\u00e1n de car\u00e1cter personal identificativos y no sensibles, podr\u00e1n ser:<\/p>\r\n<ul>\r\n<li>Correo electr\u00f3nico<\/li>\r\n<li>Tel\u00e9fono<\/li>\r\n<li>Nombre y apellidos<\/li>\r\n<li>DNI<\/li>\r\n<li>Direcci\u00f3n<\/li>\r\n<\/ul>\r\n<p><strong>M\u00c9TODOS DE RECOPILACI\u00d3N.<\/strong><\/p>\r\n<p>Los datos personales se recopilar\u00e1n a trav\u00e9s de la web de El Ramo de Flores, www.flowers2mallorca.com, cuando introduzcas informaci\u00f3n en alguno de los campos destinados a tal efecto en la web. Estos campos est\u00e1n debidamente se\u00f1alizados y no recopilar\u00e1n ning\u00fan dato hasta que no aceptes expresamente la cesi\u00f3n y gesti\u00f3n conforme a esta pol\u00edtica de privacidad.<\/p>\r\n<p><strong>OBJETIVO DE LA RECOPILACI\u00d3N Y USO DE LOS DATOS.<\/strong><\/p>\r\n<p>La recopilaci\u00f3n y uso de datos se realiza con el \u00fanico objetivo de ofrecer productos, enviar ofertas o entregarle su pedido.<\/p>\r\n<p>El Ramo de Flores\u00a0se compromete a no utilizar los datos obtenidos con una finalidad distinta a esta.<\/p>\r\n<p><strong>DESTINATARIO DE LOS DATOS.<\/strong><\/p>\r\n<p>Los datos recopilados se incorporar\u00e1n a un fichero propiedad de:<\/p>\r\n<ul>\r\n<li>El Ramo de Flores<\/li>\r\n<\/ul>\r\n<p>Este fichero ser\u00e1 gestionado por:<\/p>\r\n<ul>\r\n<li>Alexandre Amrani<\/li>\r\n<\/ul>\r\n<p>Este fichero se almacenar\u00e1 en:<\/p>\r\n<ul>\r\n<li>Wesped\u00a0Con domicilio en calle Berlin, 3F, 30353 Cartagena Murcia<\/li>\r\n<\/ul>\r\n<p><strong>PLAZO DE CONSERVACI\u00d3N DE LOS DATOS.<\/strong><\/p>\r\n<p>Los datos se conservar\u00e1n hasta que se cumpla el objetivo por el cual se recopilaron estos datos (Art.5.e. GDPR) o hasta que se ejerza el derecho a la supresi\u00f3n o modificaci\u00f3n de los mismos. Siempre y cuando esto no entre en conflicto con la necesidad por motivos legales o fiscales de almacenar los mismos.<\/p>\r\n<p><strong>\u00bfC\u00d3MO PROTEGEMOS SUS DATOS?<\/strong><\/p>\r\n<p>Sus datos se transfieren y almacenan de forma segura ya que disponemos de:<\/p>\r\n<p>Cifrado con protocolo SSL.<br \/>Firewall a nivel de servidor.<br \/>Protocolos de seguridad para prevenir accesos no autorizados.<br \/>Control de accesos.<br \/>Almacenamiento encriptado.<\/p>\r\n<p>El Ramo de Flores\u00a0no puede garantizar la completa seguridad en las comunicaciones a trav\u00e9s de Internet pero garantizamos tomar las medidas adecuadas para proteger sus datos.<\/p>\r\n<p>Adem\u00e1s El Ramo de Flores se compromete a mantener la confidencialidad de los datos y no comunicar\u00e1 ni permitir\u00e1 el acceso a terceros no autorizados.<\/p>\r\n<p><strong>TUS DERECHOS EN CUANTO A PROTECCI\u00d3N DE DATOS<\/strong><\/p>\r\n<p>La legislaci\u00f3n le reconoce unos derechos como usuario que ha cedido sus datos personales:<\/p>\r\n<ul>\r\n<li>Acceso a los datos personales.<\/li>\r\n<li>Rectificaci\u00f3n o supresi\u00f3n.<\/li>\r\n<li>Oponerse al tratamiento.<\/li>\r\n<li>Portabilidad de los datos.<\/li>\r\n<li>Limitaci\u00f3n de su tratamiento.<\/li>\r\n<\/ul>\r\n<p>El ejercicio de estos derechos es personal. Por lo que solo puedes solicitarlos para los datos de los cuales eres el propietario.<br \/>En el caso de que quieras ejercer alguno de estos derechos puedes hacerlos a online trav\u00e9s de tu cuenta en la App, mediante un mail dirigido a info@flowersibiza.com\u00a0o mediante carta dirigida a El Ramo de Flores\u00a0direcci\u00f3n <a href=\"https:\/\/www.google.com\/maps\/search\/Calle%20Isidoro%20Macabich%2C%2022%20bajos%2007840%20Santa%20Eulalia%20el%20Rio%20(Illes%20Balears)%20Espa%C3%B1a\">Calle Isidoro Macabich, 22 bajos 07840 Santa Eulalia el Rio (Illes Balears) Espa\u00f1a<\/a>\u00a0indicando los derechos que se quieren ejercer y una prueba de identidad.<\/p>\r\n<p>Nos comprometemos a responder a tu solicitud en un plazo m\u00e1ximo de 30 d\u00edas h\u00e1biles.<\/p>\r\n<p><strong>LEGITIMACI\u00d3N PARA EL TRATAMIENTO DE DATOS<\/strong><\/p>\r\n<p>La base legal para el tratamiento de tus datos personales es la aceptaci\u00f3n expl\u00edcita del tratamiento, gesti\u00f3n y almacenamiento de los mismos seg\u00fan la presente pol\u00edtica de privacidad.<\/p>\r\n<p><strong>CONSECUENCIAS DE NO ACEPTAR LA POL\u00cdTICA DE PRIVACIDAD<\/strong><\/p>\r\n<p>En el caso de que no aceptes la gesti\u00f3n de tus datos seg\u00fan la presente pol\u00edtica de privacidad, no se proceder\u00e1 a la recopilaci\u00f3n de los mismos, lo que puede suponer que no se pueda llevar a cabo el servicio prestado por El Ramo de Flores.<\/p>\r\n<p><strong>AUTORIDAD DE PROTECCI\u00d3N DE DATOS EN ESPA\u00d1A<\/strong><\/p>\r\n<p>En el caso de que quieras hacer valer tus derechos en cuanto a protecci\u00f3n de datos y consideras que no los estamos respetando puedes dirigirte a la autoridad espa\u00f1ola responsable.<\/p>\r\n<p>\u2013 Sitio web de la autoridad de protecci\u00f3n de datos:<br \/>https:\/\/www.agpd.es\/<\/p>\r\n<p>\u2013 E-mail de la autoridad de protecci\u00f3n de datos:<br \/>internacional@agpd.es<\/p>\r\n<p>\u2013 Tel\u00e9fono de la autoridad de protecci\u00f3n de datos:<br \/>+34 91399 6200<\/p>\r\n<p><strong>CAMBIOS EN LA POL\u00cdTICA DE PRIVACIDAD<\/strong><\/p>\r\n<p>El Ramo de Flores\u00a0se reserva el derecho a modificar la presente Pol\u00edtica de Privacidad, estas modificaciones se har\u00e1n conforme a la legislaci\u00f3n y la jurisprudencia y quedar\u00e1n reflejadas en la presente Pol\u00edtica de Privacidad.<\/p>\r\n<p>&nbsp;<\/p>\r\n","protected":false},"excerpt":{"rendered":"<p>CONDICIONES DE VENTA Debido al car\u00e1cter perecedero de nuestros productos y a nuestra situaci\u00f3n geogr\u00e1fica, dependiendo de la \u00e9poca del a\u00f1o en la que se realiza el pedido\u00a0la disponibilidad de algunas flores, cestas, peluches, tarjetas, chocolates y cajas publicadas en la web www.flowers2mallorca.com podr\u00e1n variar en funci\u00f3n de las existencias de la florister\u00eda\u00a0siempre respetando el [&hellip;]<\/p>\n","protected":false},"author":1,"featured_media":0,"parent":0,"menu_order":0,"comment_status":"closed","ping_status":"closed","template":"","meta":{"_joinchat":[],"footnotes":""},"class_list":["post-2164","page","type-page","status-publish","hentry"],"jetpack_sharing_enabled":true,"_links":{"self":[{"href":"https:\/\/flowers2mallorca.com\/es\/wp-json\/wp\/v2\/pages\/2164","targetHints":{"allow":["GET"]}}],"collection":[{"href":"https:\/\/flowers2mallorca.com\/es\/wp-json\/wp\/v2\/pages"}],"about":[{"href":"https:\/\/flowers2mallorca.com\/es\/wp-json\/wp\/v2\/types\/page"}],"author":[{"embeddable":true,"href":"https:\/\/flowers2mallorca.com\/es\/wp-json\/wp\/v2\/users\/1"}],"replies":[{"embeddable":true,"href":"https:\/\/flowers2mallorca.com\/es\/wp-json\/wp\/v2\/comments?post=2164"}],"version-history":[{"count":3,"href":"https:\/\/flowers2mallorca.com\/es\/wp-json\/wp\/v2\/pages\/2164\/revisions"}],"predecessor-version":[{"id":3605,"href":"https:\/\/flowers2mallorca.com\/es\/wp-json\/wp\/v2\/pages\/2164\/revisions\/3605"}],"wp:attachment":[{"href":"https:\/\/flowers2mallorca.com\/es\/wp-json\/wp\/v2\/media?parent=2164"}],"curies":[{"name":"wp","href":"https:\/\/api.w.org\/{rel}","templated":true}]}}