{"id":2398,"date":"2021-02-11T15:30:29","date_gmt":"2021-02-11T14:30:29","guid":{"rendered":"https:\/\/flowers2mallorca.com\/delivery\/liebes-box\/"},"modified":"2021-03-20T09:42:50","modified_gmt":"2021-03-20T08:42:50","slug":"liebes-box","status":"publish","type":"product","link":"https:\/\/flowers2mallorca.com\/de\/liefern\/liebes-box\/","title":{"rendered":"Liebes box"},"content":{"rendered":"<p><a href=\"https:\/\/flowers2mallorca.com\/de\/versenden\/blumenbox\/\">Liebes Box und\u00a0 Blumenbox\u00a0<\/a><\/p>\n<p>Lieferung Blumen auf Mallorca. Direkt vom Floristen in Ihrer N\u00e4he. Gro\u00dfe Rosen Str\u00e4usse, Orchideen und anderen Blumen. Wir liefern Blumen und Pflanzen auf Mallorca. W\u00e4hlen Sie den Blumenstrau\u00df, den Sie am meisten m\u00f6gen. Dann schreiben Sie den Text f\u00fcr die Karte. Alle Rosenstr\u00e4u\u00dfe anzeigen. Auf dieser Website k\u00f6nnen Sie Blumenstr\u00e4u\u00dfe bestellen. Senden Sie Blumen nach Mallorca, Mallorca, Formentera und Ibiza. Vor allem liefern wir Blumenstr\u00e4u\u00dfe mit frischen Blumen. Sie sind speziell f\u00fcr Geschenke vorbereitet. Wir liefern direkt vom Floristen an den Empf\u00e4nger.<\/p>\n<p>Info: Um Blumen nach Ibiza zu senden <a href=\"https:\/\/flowersibiza.com\" target=\"_blank\" rel=\"noopener\">www.flowersibiza.com<\/a>.<\/p>\n<p>Blumenlieferung Nach Mallorca. W\u00e4hrend des Abschlusses der Bestellung k\u00f6nnen Sie den genauen Liefertermin festlegen. Vielleicht gibt es ein genauen Hinweis zum Lieferort. Schreiben Sie uns Ihre gew\u00fcnschte Lieferzeit. Wichtig ist das Sie uns helfen dass Ihr Geschenk schnellstm\u00f6glich zu ihrem Zielort gelangt. Sie k\u00f6nnen mit uns auf WhatsApp chatten. Wir helfen Ihnen bei der Auswahl der besten Option. Fragen Sie uns nach der Verf\u00fcgbarkeit f\u00fcr den von Ihnen ben\u00f6tigten Liefertag. Lieferung Blumen Liebes Box auf Mallorca.<\/p>\n","protected":false},"excerpt":{"rendered":"<p>Liebes Box &#8211; Gemischte Rosenkiste<\/p>\n","protected":false},"featured_media":1621,"template":"","meta":{"_joinchat":[]},"product_brand":[],"product_cat":[89],"product_tag":[],"class_list":{"0":"post-2398","1":"product","2":"type-product","3":"status-publish","4":"has-post-thumbnail","6":"product_cat-blumenbox-nach-mallorca","8":"first","9":"instock","10":"shipping-taxable","11":"purchasable","12":"product-type-simple"},"jetpack_sharing_enabled":true,"_links":{"self":[{"href":"https:\/\/flowers2mallorca.com\/de\/wp-json\/wp\/v2\/product\/2398","targetHints":{"allow":["GET"]}}],"collection":[{"href":"https:\/\/flowers2mallorca.com\/de\/wp-json\/wp\/v2\/product"}],"about":[{"href":"https:\/\/flowers2mallorca.com\/de\/wp-json\/wp\/v2\/types\/product"}],"wp:featuredmedia":[{"embeddable":true,"href":"https:\/\/flowers2mallorca.com\/de\/wp-json\/wp\/v2\/media\/1621"}],"wp:attachment":[{"href":"https:\/\/flowers2mallorca.com\/de\/wp-json\/wp\/v2\/media?parent=2398"}],"wp:term":[{"taxonomy":"product_brand","embeddable":true,"href":"https:\/\/flowers2mallorca.com\/de\/wp-json\/wp\/v2\/product_brand?post=2398"},{"taxonomy":"product_cat","embeddable":true,"href":"https:\/\/flowers2mallorca.com\/de\/wp-json\/wp\/v2\/product_cat?post=2398"},{"taxonomy":"product_tag","embeddable":true,"href":"https:\/\/flowers2mallorca.com\/de\/wp-json\/wp\/v2\/product_tag?post=2398"}],"curies":[{"name":"wp","href":"https:\/\/api.w.org\/{rel}","templated":true}]}}