{"id":2375,"date":"2021-02-11T16:22:17","date_gmt":"2021-02-11T15:22:17","guid":{"rendered":"https:\/\/flowers2mallorca.com\/delivery\/love-me-tender-mallorca\/"},"modified":"2021-03-17T13:32:03","modified_gmt":"2021-03-17T12:32:03","slug":"love-me-tender-mallorca","status":"publish","type":"product","link":"https:\/\/flowers2mallorca.com\/de\/liefern\/love-me-tender-mallorca\/","title":{"rendered":"Love-Me-Tender"},"content":{"rendered":"","protected":false},"excerpt":{"rendered":"<p>Blumenstrau\u00df mit einer Mischung aus soft rosa farbenen Blumen.<br \/>\nSie k\u00f6nnen einen speziellen Fall f\u00fcr Ihre Blumen hinzuf\u00fcgen. [wcps id = '946']<\/p>\n","protected":false},"featured_media":1877,"template":"","meta":{"_joinchat":[]},"product_brand":[],"product_cat":[104],"product_tag":[],"class_list":{"0":"post-2375","1":"product","2":"type-product","3":"status-publish","4":"has-post-thumbnail","6":"product_cat-blumenstrause","8":"first","9":"instock","10":"shipping-taxable","11":"purchasable","12":"product-type-simple"},"jetpack_sharing_enabled":true,"_links":{"self":[{"href":"https:\/\/flowers2mallorca.com\/de\/wp-json\/wp\/v2\/product\/2375","targetHints":{"allow":["GET"]}}],"collection":[{"href":"https:\/\/flowers2mallorca.com\/de\/wp-json\/wp\/v2\/product"}],"about":[{"href":"https:\/\/flowers2mallorca.com\/de\/wp-json\/wp\/v2\/types\/product"}],"wp:featuredmedia":[{"embeddable":true,"href":"https:\/\/flowers2mallorca.com\/de\/wp-json\/wp\/v2\/media\/1877"}],"wp:attachment":[{"href":"https:\/\/flowers2mallorca.com\/de\/wp-json\/wp\/v2\/media?parent=2375"}],"wp:term":[{"taxonomy":"product_brand","embeddable":true,"href":"https:\/\/flowers2mallorca.com\/de\/wp-json\/wp\/v2\/product_brand?post=2375"},{"taxonomy":"product_cat","embeddable":true,"href":"https:\/\/flowers2mallorca.com\/de\/wp-json\/wp\/v2\/product_cat?post=2375"},{"taxonomy":"product_tag","embeddable":true,"href":"https:\/\/flowers2mallorca.com\/de\/wp-json\/wp\/v2\/product_tag?post=2375"}],"curies":[{"name":"wp","href":"https:\/\/api.w.org\/{rel}","templated":true}]}}