{"id":2369,"date":"2021-02-11T16:22:18","date_gmt":"2021-02-11T15:22:18","guid":{"rendered":"https:\/\/flowers2mallorca.com\/delivery\/darling-nach-mallorca\/"},"modified":"2021-02-11T16:22:18","modified_gmt":"2021-02-11T15:22:18","slug":"darling-nach-mallorca","status":"publish","type":"product","link":"https:\/\/flowers2mallorca.com\/de\/liefern\/darling-nach-mallorca\/","title":{"rendered":"Darling"},"content":{"rendered":"","protected":false},"excerpt":{"rendered":"<p>Blumenstrau\u00df mit roten Rosen, Pin Cussion, Disteln, Hipericum, wei\u00dfen G\u00e4nsebl\u00fcmchen, Eukalipthus usw&#8230;<br \/>\nSie k\u00f6nnen eine spezielle Vase f\u00fcr Ihre Blumen hinzuf\u00fcgen [wcps id = '1006']<\/p>\n","protected":false},"featured_media":1871,"template":"","meta":{"_joinchat":[]},"product_brand":[],"product_cat":[104],"product_tag":[],"class_list":{"0":"post-2369","1":"product","2":"type-product","3":"status-publish","4":"has-post-thumbnail","6":"product_cat-blumenstrause","8":"first","9":"instock","10":"shipping-taxable","11":"purchasable","12":"product-type-simple"},"jetpack_sharing_enabled":true,"_links":{"self":[{"href":"https:\/\/flowers2mallorca.com\/de\/wp-json\/wp\/v2\/product\/2369","targetHints":{"allow":["GET"]}}],"collection":[{"href":"https:\/\/flowers2mallorca.com\/de\/wp-json\/wp\/v2\/product"}],"about":[{"href":"https:\/\/flowers2mallorca.com\/de\/wp-json\/wp\/v2\/types\/product"}],"wp:featuredmedia":[{"embeddable":true,"href":"https:\/\/flowers2mallorca.com\/de\/wp-json\/wp\/v2\/media\/1871"}],"wp:attachment":[{"href":"https:\/\/flowers2mallorca.com\/de\/wp-json\/wp\/v2\/media?parent=2369"}],"wp:term":[{"taxonomy":"product_brand","embeddable":true,"href":"https:\/\/flowers2mallorca.com\/de\/wp-json\/wp\/v2\/product_brand?post=2369"},{"taxonomy":"product_cat","embeddable":true,"href":"https:\/\/flowers2mallorca.com\/de\/wp-json\/wp\/v2\/product_cat?post=2369"},{"taxonomy":"product_tag","embeddable":true,"href":"https:\/\/flowers2mallorca.com\/de\/wp-json\/wp\/v2\/product_tag?post=2369"}],"curies":[{"name":"wp","href":"https:\/\/api.w.org\/{rel}","templated":true}]}}