{"id":2365,"date":"2021-02-11T16:29:36","date_gmt":"2021-02-11T15:29:36","guid":{"rendered":"https:\/\/flowers2mallorca.com\/delivery\/candy-mallorca\/"},"modified":"2021-03-24T08:13:09","modified_gmt":"2021-03-24T07:13:09","slug":"candy-mallorca","status":"publish","type":"product","link":"https:\/\/flowers2mallorca.com\/de\/liefern\/candy-mallorca\/","title":{"rendered":"Candy"},"content":{"rendered":"<p style=\"text-align: center;\">Lieferung Blumen nach Mallorca Island.<\/p>\n<blockquote>\n<p style=\"text-align: center;\">W\u00e4hrend des Abschlusses der Bestellung k\u00f6nnen Sie den genauen Liefertermin festlegen.<\/p>\n<p style=\"text-align: center;\">Vielleicht gibt es ein genauen Hinweis zum Lieferort.<\/p>\n<p style=\"text-align: center;\">Schreiben Sie uns Ihre gew\u00fcnschte Lieferzeit.<\/p>\n<p style=\"text-align: center;\">Wichtig ist das Sie uns helfen dass Ihr Geschenk schnellstm\u00f6glich zu ihrem Zielort gelangt.<\/p>\n<\/blockquote>\n<p style=\"text-align: center;\">Sie k\u00f6nnen mit uns auf WhatsApp chatten.<\/p>\n<p style=\"text-align: center;\">Wir helfen Ihnen bei der Auswahl der besten Option.<\/p>\n<blockquote>\n<p style=\"text-align: center;\">Fragen Sie uns nach der Verf\u00fcgbarkeit f\u00fcr den von Ihnen ben\u00f6tigten Liefertag.<\/p>\n<\/blockquote>\n<p style=\"text-align: center;\">Lieferung Blumen lassen auf Mallorca.<\/p>\n<h3 style=\"text-align: center;\">Direkt vom Floristen in Ihrer N\u00e4he. Gro\u00dfe Rosen Str\u00e4usse, Orchideen und anderen Blumen.<\/h3>\n<h3 style=\"text-align: center;\"><div class=\"shindiri-woo-slider-shortcode-version-seven\"><div class=\"shindiri-woo-slider-shortcode-wrapper shindiri-woo-slider-slider-inicio-aleman-2273  sh-ws-typography sh-ws-light-theme sh-ws-lazy-active\">\n         \n                            <div class=\"shindiri-woo-slider-wrapper\"><!-- Swiper --> \n                    <div class=\"sh_ws-swiper-container shindiri-woo-slider-slider sh_woo_slider_69e35628bfbd8\" \n                        data-selector=\"sh_woo_slider_69e35628bfbd8\" \n                        data-lazy-load=\"1\" \n                        data-autoplay=\"3987\" \n                        data-transition=\"slide\"\n                         style=\"height: 450px;\">\n\n                        <!-- Slides-->\n                        <div class=\"sh_ws-swiper-wrapper\"><div class=\"sh_ws-swiper-slide shindiri-woo-slider-slide\">\n                    \n                    <div class=\"shindiri-woo-slider-slide-wrapper swiper-lazy\"  data-background=\"https:\/\/flowers2mallorca.com\/wp-content\/uploads\/2021\/12\/381.jpg\">\n                        <div class=\"sh-ws-slide-overlay\"><\/div><div class=\"sh-ws-swiper-lazy-preloader\"><div class=\"sh-ws-woo-slider-loader\"><div class=\"sh-ws-uil-ring-css\"><div><\/div><\/div><\/div><!-- .sh-ws-woo-slider-loader --><\/div><div class=\"shindiri-woo-slide-details\">\n                            <div class=\"sh-ws-button-outlined sh-ws-slide-details-inner products\"><div class=\"shindiri-woo-slide-categories\">\n                                    <span><a href=\"https:\/\/flowers2mallorca.com\/de\/send\/christmas\/\" rel=\"tag\">Christmas<\/a><\/span>\n                                <\/div><a class=\"shindiri-woo-slide-title\" href=\"https:\/\/flowers2mallorca.com\/liefern\/coming-home-for-christmas\/\">Coming Home for Christmas<\/a><div class=\"shindiri-woo-slide-price\">\n                                    <span class=\"woocommerce-Price-amount amount\">350,00<span class=\"woocommerce-Price-currencySymbol\">&euro;<\/span><\/span>\n                                <\/div><button type=\"button\" class=\"shindiri-woo-slide-button button\" onclick=\"window.location='https:\/\/flowers2mallorca.com\/liefern\/coming-home-for-christmas\/';\">\n                            Mehr sehen<\/button><\/div><!-- .sh-ws-slide-details-inner -->\n                        <\/div><!-- .shindiri-woo-slide-details -->\n\n                    <\/div>\n                <\/div><\/div> \n                    \n                        <div class=\"shindiri-woo-slider-button-next\">\n                            <div class=\"sh-ws-arrow-overlay\"><\/div>\n                            <div class=\"sh-ws-arrow-wrapper\">\n                                <div class=\"sh-ws-arrow\">\n                                    <div class=\"sh-ws-arrow-relative\">\n                                        <div class=\"sh-ws-line\"><\/div>\n                                        <div class=\"sh-ws-div-arrow\"><\/div>\n                                    <\/div>\n                                <\/div>\n                            <\/div>\n                        <\/div>\n                        <div class=\"shindiri-woo-slider-button-prev\">\n                            <div class=\"sh-ws-arrow-overlay\"><\/div>\n                            <div class=\"sh-ws-arrow-wrapper\">\n                                <div class=\"sh-ws-arrow\">\n                                    <div class=\"sh-ws-arrow-relative\">\n                                        <div class=\"sh-ws-line\"><\/div>\n                                        <div class=\"sh-ws-div-arrow\"><\/div> \n                                    <\/div>\n                                <\/div>\n                            <\/div>\n                        <\/div> \n                            \n                    <\/div>\n                    <!-- Swiper JS --><\/div><\/div><!-- .shindiri-woo-slider-shortcode-wrapper --><\/div><!-- .shindiri-woo-slider-shortcode-version-two --><\/h3>\n<h3 style=\"text-align: center;\">Wir liefern Blumen und Pflanzen auf Mallorca.<\/h3>\n<h3 style=\"text-align: center;\"><div class=\"woocommerce columns-4 \"><ul class=\"products columns-4\">\n<li class=\"product type-product post-2299 status-publish first instock product_cat-blumenstrause has-post-thumbnail shipping-taxable purchasable product-type-simple\">\n\t<a href=\"https:\/\/flowers2mallorca.com\/de\/liefern\/blumenkorb\/\" class=\"woocommerce-LoopProduct-link woocommerce-loop-product__link\"><img loading=\"lazy\" decoding=\"async\" width=\"324\" height=\"324\" src=\"https:\/\/flowers2mallorca.com\/wp-content\/uploads\/2021\/02\/Flower-Basket-75E-324x324.jpeg\" class=\"attachment-woocommerce_thumbnail size-woocommerce_thumbnail\" alt=\"Blumenkorb\" srcset=\"https:\/\/flowers2mallorca.com\/wp-content\/uploads\/2021\/02\/Flower-Basket-75E-324x324.jpeg 324w, https:\/\/flowers2mallorca.com\/wp-content\/uploads\/2021\/02\/Flower-Basket-75E-100x100.jpeg 100w, https:\/\/flowers2mallorca.com\/wp-content\/uploads\/2021\/02\/Flower-Basket-75E-416x416.jpeg 416w, https:\/\/flowers2mallorca.com\/wp-content\/uploads\/2021\/02\/Flower-Basket-75E-300x300.jpeg 300w, https:\/\/flowers2mallorca.com\/wp-content\/uploads\/2021\/02\/Flower-Basket-75E-1024x1024.jpeg 1024w, https:\/\/flowers2mallorca.com\/wp-content\/uploads\/2021\/02\/Flower-Basket-75E-150x150.jpeg 150w, https:\/\/flowers2mallorca.com\/wp-content\/uploads\/2021\/02\/Flower-Basket-75E-768x768.jpeg 768w, https:\/\/flowers2mallorca.com\/wp-content\/uploads\/2021\/02\/Flower-Basket-75E-60x60.jpeg 60w, https:\/\/flowers2mallorca.com\/wp-content\/uploads\/2021\/02\/Flower-Basket-75E-90x90.jpeg 90w, https:\/\/flowers2mallorca.com\/wp-content\/uploads\/2021\/02\/Flower-Basket-75E.jpeg 1200w\" sizes=\"auto, (max-width: 324px) 100vw, 324px\" \/><h2 class=\"woocommerce-loop-product__title\">Blumenkorb<\/h2>\n\t<span class=\"price\"><span class=\"woocommerce-Price-amount amount\"><bdi>85,00<span class=\"woocommerce-Price-currencySymbol\">&euro;<\/span><\/bdi><\/span><\/span>\n<\/a><a href=\"https:\/\/flowers2mallorca.com\/de\/liefern\/blumenkorb\/\" data-quantity=\"1\" class=\"button product_type_simple add_to_cart_button \" data-product_id=\"2299\" data-product_sku=\"\" aria-label=\"In den Warenkorb legen: \u201eBlumenkorb\u201c\" rel=\"nofollow\" data-success_message=\"\u201eBlumenkorb\u201c wurde deinem Warenkorb hinzugef\u00fcgt\" role=\"button\">Select options<\/a>\t<span id=\"woocommerce_loop_add_to_cart_link_describedby_2299\" class=\"screen-reader-text\">\n\t\t\t<\/span>\n<\/li>\n<li class=\"product type-product post-2328 status-publish instock product_cat-blumenstrause has-post-thumbnail shipping-taxable purchasable product-type-simple\">\n\t<a href=\"https:\/\/flowers2mallorca.com\/de\/liefern\/always-with-you-mallorca\/\" class=\"woocommerce-LoopProduct-link woocommerce-loop-product__link\"><img loading=\"lazy\" decoding=\"async\" width=\"324\" height=\"324\" src=\"https:\/\/flowers2mallorca.com\/wp-content\/uploads\/2021\/02\/315-324x324.jpg\" class=\"attachment-woocommerce_thumbnail size-woocommerce_thumbnail\" alt=\"Always with you\" srcset=\"https:\/\/flowers2mallorca.com\/wp-content\/uploads\/2021\/02\/315-324x324.jpg 324w, https:\/\/flowers2mallorca.com\/wp-content\/uploads\/2021\/02\/315-100x100.jpg 100w, https:\/\/flowers2mallorca.com\/wp-content\/uploads\/2021\/02\/315-416x416.jpg 416w, https:\/\/flowers2mallorca.com\/wp-content\/uploads\/2021\/02\/315-300x300.jpg 300w, https:\/\/flowers2mallorca.com\/wp-content\/uploads\/2021\/02\/315-150x150.jpg 150w, https:\/\/flowers2mallorca.com\/wp-content\/uploads\/2021\/02\/315-768x768.jpg 768w, https:\/\/flowers2mallorca.com\/wp-content\/uploads\/2021\/02\/315.jpg 800w\" sizes=\"auto, (max-width: 324px) 100vw, 324px\" \/><h2 class=\"woocommerce-loop-product__title\">Always with you<\/h2>\n\t<span class=\"price\"><span class=\"woocommerce-Price-amount amount\"><bdi>75,00<span class=\"woocommerce-Price-currencySymbol\">&euro;<\/span><\/bdi><\/span><\/span>\n<\/a><a href=\"https:\/\/flowers2mallorca.com\/de\/liefern\/always-with-you-mallorca\/\" data-quantity=\"1\" class=\"button product_type_simple add_to_cart_button \" data-product_id=\"2328\" data-product_sku=\"\" aria-label=\"In den Warenkorb legen: \u201eAlways with you\u201c\" rel=\"nofollow\" data-success_message=\"\u201eAlways with you\u201c wurde deinem Warenkorb hinzugef\u00fcgt\" role=\"button\">Select options<\/a>\t<span id=\"woocommerce_loop_add_to_cart_link_describedby_2328\" class=\"screen-reader-text\">\n\t\t\t<\/span>\n<\/li>\n<li class=\"product type-product post-2340 status-publish instock product_cat-blumenstrause has-post-thumbnail shipping-taxable purchasable product-type-simple\">\n\t<a href=\"https:\/\/flowers2mallorca.com\/de\/liefern\/pink-hannah-mallorca\/\" class=\"woocommerce-LoopProduct-link woocommerce-loop-product__link\"><img loading=\"lazy\" decoding=\"async\" width=\"324\" height=\"324\" src=\"https:\/\/flowers2mallorca.com\/wp-content\/uploads\/2021\/02\/421-324x324.jpg\" class=\"attachment-woocommerce_thumbnail size-woocommerce_thumbnail\" alt=\"Pink Hannah\" srcset=\"https:\/\/flowers2mallorca.com\/wp-content\/uploads\/2021\/02\/421-324x324.jpg 324w, https:\/\/flowers2mallorca.com\/wp-content\/uploads\/2021\/02\/421-100x100.jpg 100w, https:\/\/flowers2mallorca.com\/wp-content\/uploads\/2021\/02\/421-416x416.jpg 416w, https:\/\/flowers2mallorca.com\/wp-content\/uploads\/2021\/02\/421-300x300.jpg 300w, https:\/\/flowers2mallorca.com\/wp-content\/uploads\/2021\/02\/421-150x150.jpg 150w, https:\/\/flowers2mallorca.com\/wp-content\/uploads\/2021\/02\/421-768x768.jpg 768w, https:\/\/flowers2mallorca.com\/wp-content\/uploads\/2021\/02\/421.jpg 900w\" sizes=\"auto, (max-width: 324px) 100vw, 324px\" \/><h2 class=\"woocommerce-loop-product__title\">Pink Hannah<\/h2>\n\t<span class=\"price\"><span class=\"woocommerce-Price-amount amount\"><bdi>225,00<span class=\"woocommerce-Price-currencySymbol\">&euro;<\/span><\/bdi><\/span><\/span>\n<\/a><a href=\"https:\/\/flowers2mallorca.com\/de\/liefern\/pink-hannah-mallorca\/\" data-quantity=\"1\" class=\"button product_type_simple add_to_cart_button \" data-product_id=\"2340\" data-product_sku=\"\" aria-label=\"In den Warenkorb legen: \u201ePink Hannah\u201c\" rel=\"nofollow\" data-success_message=\"\u201ePink Hannah\u201c wurde deinem Warenkorb hinzugef\u00fcgt\" role=\"button\">Select options<\/a>\t<span id=\"woocommerce_loop_add_to_cart_link_describedby_2340\" class=\"screen-reader-text\">\n\t\t\t<\/span>\n<\/li>\n<li class=\"product type-product post-2327 status-publish last instock product_cat-blumenstrause has-post-thumbnail shipping-taxable purchasable product-type-simple\">\n\t<a href=\"https:\/\/flowers2mallorca.com\/de\/liefern\/softy-in-mallorca\/\" class=\"woocommerce-LoopProduct-link woocommerce-loop-product__link\"><img loading=\"lazy\" decoding=\"async\" width=\"324\" height=\"324\" src=\"https:\/\/flowers2mallorca.com\/wp-content\/uploads\/2021\/02\/Softy-324x324.jpg\" class=\"attachment-woocommerce_thumbnail size-woocommerce_thumbnail\" alt=\"Softy\" srcset=\"https:\/\/flowers2mallorca.com\/wp-content\/uploads\/2021\/02\/Softy-324x324.jpg 324w, https:\/\/flowers2mallorca.com\/wp-content\/uploads\/2021\/02\/Softy-100x100.jpg 100w, https:\/\/flowers2mallorca.com\/wp-content\/uploads\/2021\/02\/Softy-416x416.jpg 416w, https:\/\/flowers2mallorca.com\/wp-content\/uploads\/2021\/02\/Softy-300x300.jpg 300w, https:\/\/flowers2mallorca.com\/wp-content\/uploads\/2021\/02\/Softy-150x150.jpg 150w, https:\/\/flowers2mallorca.com\/wp-content\/uploads\/2021\/02\/Softy-768x768.jpg 768w, https:\/\/flowers2mallorca.com\/wp-content\/uploads\/2021\/02\/Softy-60x60.jpg 60w, https:\/\/flowers2mallorca.com\/wp-content\/uploads\/2021\/02\/Softy-90x90.jpg 90w, https:\/\/flowers2mallorca.com\/wp-content\/uploads\/2021\/02\/Softy.jpg 800w\" sizes=\"auto, (max-width: 324px) 100vw, 324px\" \/><h2 class=\"woocommerce-loop-product__title\">Softy<\/h2>\n\t<span class=\"price\"><span class=\"woocommerce-Price-amount amount\"><bdi>175,00<span class=\"woocommerce-Price-currencySymbol\">&euro;<\/span><\/bdi><\/span><\/span>\n<\/a><a href=\"https:\/\/flowers2mallorca.com\/de\/liefern\/softy-in-mallorca\/\" data-quantity=\"1\" class=\"button product_type_simple add_to_cart_button \" data-product_id=\"2327\" data-product_sku=\"\" aria-label=\"In den Warenkorb legen: \u201eSofty\u201c\" rel=\"nofollow\" data-success_message=\"\u201eSofty\u201c wurde deinem Warenkorb hinzugef\u00fcgt\" role=\"button\">Select options<\/a>\t<span id=\"woocommerce_loop_add_to_cart_link_describedby_2327\" class=\"screen-reader-text\">\n\t\t\t<\/span>\n<\/li>\n<li class=\"product type-product post-2301 status-publish first instock product_cat-blumenstrause has-post-thumbnail shipping-taxable purchasable product-type-simple\">\n\t<a href=\"https:\/\/flowers2mallorca.com\/de\/liefern\/chispa-mallorca\/\" class=\"woocommerce-LoopProduct-link woocommerce-loop-product__link\"><img loading=\"lazy\" decoding=\"async\" width=\"324\" height=\"324\" src=\"https:\/\/flowers2mallorca.com\/wp-content\/uploads\/2021\/02\/Chispa.-45E-324x324.jpeg\" class=\"attachment-woocommerce_thumbnail size-woocommerce_thumbnail\" alt=\"Chispa\" srcset=\"https:\/\/flowers2mallorca.com\/wp-content\/uploads\/2021\/02\/Chispa.-45E-324x324.jpeg 324w, https:\/\/flowers2mallorca.com\/wp-content\/uploads\/2021\/02\/Chispa.-45E-100x100.jpeg 100w, https:\/\/flowers2mallorca.com\/wp-content\/uploads\/2021\/02\/Chispa.-45E-416x416.jpeg 416w, https:\/\/flowers2mallorca.com\/wp-content\/uploads\/2021\/02\/Chispa.-45E-300x300.jpeg 300w, https:\/\/flowers2mallorca.com\/wp-content\/uploads\/2021\/02\/Chispa.-45E-1024x1024.jpeg 1024w, https:\/\/flowers2mallorca.com\/wp-content\/uploads\/2021\/02\/Chispa.-45E-150x150.jpeg 150w, https:\/\/flowers2mallorca.com\/wp-content\/uploads\/2021\/02\/Chispa.-45E-768x768.jpeg 768w, https:\/\/flowers2mallorca.com\/wp-content\/uploads\/2021\/02\/Chispa.-45E-60x60.jpeg 60w, https:\/\/flowers2mallorca.com\/wp-content\/uploads\/2021\/02\/Chispa.-45E-90x90.jpeg 90w, https:\/\/flowers2mallorca.com\/wp-content\/uploads\/2021\/02\/Chispa.-45E.jpeg 1200w\" sizes=\"auto, (max-width: 324px) 100vw, 324px\" \/><h2 class=\"woocommerce-loop-product__title\">Chispa<\/h2>\n\t<span class=\"price\"><span class=\"woocommerce-Price-amount amount\"><bdi>65,00<span class=\"woocommerce-Price-currencySymbol\">&euro;<\/span><\/bdi><\/span><\/span>\n<\/a><a href=\"https:\/\/flowers2mallorca.com\/de\/liefern\/chispa-mallorca\/\" data-quantity=\"1\" class=\"button product_type_simple add_to_cart_button \" data-product_id=\"2301\" data-product_sku=\"\" aria-label=\"In den Warenkorb legen: \u201eChispa\u201c\" rel=\"nofollow\" data-success_message=\"\u201eChispa\u201c wurde deinem Warenkorb hinzugef\u00fcgt\" role=\"button\">Select options<\/a>\t<span id=\"woocommerce_loop_add_to_cart_link_describedby_2301\" class=\"screen-reader-text\">\n\t\t\t<\/span>\n<\/li>\n<li class=\"product type-product post-2325 status-publish instock product_cat-blumenstrause has-post-thumbnail shipping-taxable purchasable product-type-simple\">\n\t<a href=\"https:\/\/flowers2mallorca.com\/de\/liefern\/surprise-mallorca\/\" class=\"woocommerce-LoopProduct-link woocommerce-loop-product__link\"><img loading=\"lazy\" decoding=\"async\" width=\"324\" height=\"324\" src=\"https:\/\/flowers2mallorca.com\/wp-content\/uploads\/2021\/02\/surprise-324x324.jpg\" class=\"attachment-woocommerce_thumbnail size-woocommerce_thumbnail\" alt=\"Surprise\" srcset=\"https:\/\/flowers2mallorca.com\/wp-content\/uploads\/2021\/02\/surprise-324x324.jpg 324w, https:\/\/flowers2mallorca.com\/wp-content\/uploads\/2021\/02\/surprise-100x100.jpg 100w, https:\/\/flowers2mallorca.com\/wp-content\/uploads\/2021\/02\/surprise-416x416.jpg 416w, https:\/\/flowers2mallorca.com\/wp-content\/uploads\/2021\/02\/surprise-300x300.jpg 300w, https:\/\/flowers2mallorca.com\/wp-content\/uploads\/2021\/02\/surprise-150x150.jpg 150w, https:\/\/flowers2mallorca.com\/wp-content\/uploads\/2021\/02\/surprise-768x768.jpg 768w, https:\/\/flowers2mallorca.com\/wp-content\/uploads\/2021\/02\/surprise-60x60.jpg 60w, https:\/\/flowers2mallorca.com\/wp-content\/uploads\/2021\/02\/surprise-90x90.jpg 90w, https:\/\/flowers2mallorca.com\/wp-content\/uploads\/2021\/02\/surprise.jpg 800w\" sizes=\"auto, (max-width: 324px) 100vw, 324px\" \/><h2 class=\"woocommerce-loop-product__title\">Surprise<\/h2>\n\t<span class=\"price\"><span class=\"woocommerce-Price-amount amount\"><bdi>65,00<span class=\"woocommerce-Price-currencySymbol\">&euro;<\/span><\/bdi><\/span><\/span>\n<\/a><a href=\"https:\/\/flowers2mallorca.com\/de\/liefern\/surprise-mallorca\/\" data-quantity=\"1\" class=\"button product_type_simple add_to_cart_button \" data-product_id=\"2325\" data-product_sku=\"\" aria-label=\"In den Warenkorb legen: \u201eSurprise\u201c\" rel=\"nofollow\" data-success_message=\"\u201eSurprise\u201c wurde deinem Warenkorb hinzugef\u00fcgt\" role=\"button\">Select options<\/a>\t<span id=\"woocommerce_loop_add_to_cart_link_describedby_2325\" class=\"screen-reader-text\">\n\t\t\t<\/span>\n<\/li>\n<li class=\"product type-product post-2383 status-publish instock product_cat-blumenstrause has-post-thumbnail shipping-taxable purchasable product-type-simple\">\n\t<a href=\"https:\/\/flowers2mallorca.com\/de\/liefern\/missing-you-mallorca\/\" class=\"woocommerce-LoopProduct-link woocommerce-loop-product__link\"><img loading=\"lazy\" decoding=\"async\" width=\"324\" height=\"324\" src=\"https:\/\/flowers2mallorca.com\/wp-content\/uploads\/2021\/02\/Missing-you-324x324.jpg\" class=\"attachment-woocommerce_thumbnail size-woocommerce_thumbnail\" alt=\"Missing you\" srcset=\"https:\/\/flowers2mallorca.com\/wp-content\/uploads\/2021\/02\/Missing-you-324x324.jpg 324w, https:\/\/flowers2mallorca.com\/wp-content\/uploads\/2021\/02\/Missing-you-100x100.jpg 100w, https:\/\/flowers2mallorca.com\/wp-content\/uploads\/2021\/02\/Missing-you-416x416.jpg 416w, https:\/\/flowers2mallorca.com\/wp-content\/uploads\/2021\/02\/Missing-you-300x300.jpg 300w, https:\/\/flowers2mallorca.com\/wp-content\/uploads\/2021\/02\/Missing-you-150x150.jpg 150w, https:\/\/flowers2mallorca.com\/wp-content\/uploads\/2021\/02\/Missing-you-768x768.jpg 768w, https:\/\/flowers2mallorca.com\/wp-content\/uploads\/2021\/02\/Missing-you-60x60.jpg 60w, https:\/\/flowers2mallorca.com\/wp-content\/uploads\/2021\/02\/Missing-you-90x90.jpg 90w, https:\/\/flowers2mallorca.com\/wp-content\/uploads\/2021\/02\/Missing-you.jpg 800w\" sizes=\"auto, (max-width: 324px) 100vw, 324px\" \/><h2 class=\"woocommerce-loop-product__title\">Missing you<\/h2>\n\t<span class=\"price\"><span class=\"woocommerce-Price-amount amount\"><bdi>250,00<span class=\"woocommerce-Price-currencySymbol\">&euro;<\/span><\/bdi><\/span><\/span>\n<\/a><a href=\"https:\/\/flowers2mallorca.com\/de\/liefern\/missing-you-mallorca\/\" data-quantity=\"1\" class=\"button product_type_simple add_to_cart_button \" data-product_id=\"2383\" data-product_sku=\"\" aria-label=\"In den Warenkorb legen: \u201eMissing you\u201c\" rel=\"nofollow\" data-success_message=\"\u201eMissing you\u201c wurde deinem Warenkorb hinzugef\u00fcgt\" role=\"button\">Select options<\/a>\t<span id=\"woocommerce_loop_add_to_cart_link_describedby_2383\" class=\"screen-reader-text\">\n\t\t\t<\/span>\n<\/li>\n<li class=\"product type-product post-2380 status-publish last instock product_cat-blumenstrause has-post-thumbnail shipping-taxable purchasable product-type-simple\">\n\t<a href=\"https:\/\/flowers2mallorca.com\/de\/liefern\/kiss-me-nach-mallorca\/\" class=\"woocommerce-LoopProduct-link woocommerce-loop-product__link\"><img loading=\"lazy\" decoding=\"async\" width=\"324\" height=\"324\" src=\"https:\/\/flowers2mallorca.com\/wp-content\/uploads\/2021\/02\/kiss-me-324x324.jpg\" class=\"attachment-woocommerce_thumbnail size-woocommerce_thumbnail\" alt=\"Kiss Me\" srcset=\"https:\/\/flowers2mallorca.com\/wp-content\/uploads\/2021\/02\/kiss-me-324x324.jpg 324w, https:\/\/flowers2mallorca.com\/wp-content\/uploads\/2021\/02\/kiss-me-100x100.jpg 100w, https:\/\/flowers2mallorca.com\/wp-content\/uploads\/2021\/02\/kiss-me-416x416.jpg 416w, https:\/\/flowers2mallorca.com\/wp-content\/uploads\/2021\/02\/kiss-me-300x300.jpg 300w, https:\/\/flowers2mallorca.com\/wp-content\/uploads\/2021\/02\/kiss-me-150x150.jpg 150w, https:\/\/flowers2mallorca.com\/wp-content\/uploads\/2021\/02\/kiss-me-768x768.jpg 768w, https:\/\/flowers2mallorca.com\/wp-content\/uploads\/2021\/02\/kiss-me-60x60.jpg 60w, https:\/\/flowers2mallorca.com\/wp-content\/uploads\/2021\/02\/kiss-me-90x90.jpg 90w, https:\/\/flowers2mallorca.com\/wp-content\/uploads\/2021\/02\/kiss-me.jpg 800w\" sizes=\"auto, (max-width: 324px) 100vw, 324px\" \/><h2 class=\"woocommerce-loop-product__title\">Kiss Me<\/h2>\n\t<span class=\"price\"><span class=\"woocommerce-Price-amount amount\"><bdi>85,00<span class=\"woocommerce-Price-currencySymbol\">&euro;<\/span><\/bdi><\/span><\/span>\n<\/a><a href=\"https:\/\/flowers2mallorca.com\/de\/liefern\/kiss-me-nach-mallorca\/\" data-quantity=\"1\" class=\"button product_type_simple add_to_cart_button \" data-product_id=\"2380\" data-product_sku=\"\" aria-label=\"In den Warenkorb legen: \u201eKiss Me\u201c\" rel=\"nofollow\" data-success_message=\"\u201eKiss Me\u201c wurde deinem Warenkorb hinzugef\u00fcgt\" role=\"button\">Select options<\/a>\t<span id=\"woocommerce_loop_add_to_cart_link_describedby_2380\" class=\"screen-reader-text\">\n\t\t\t<\/span>\n<\/li>\n<\/ul>\n<\/div><\/h3>\n<h3 style=\"text-align: center;\"><span style=\"font-style: italic; font-size: 16px;\">W\u00e4hlen Sie den Blumenstrau\u00df, den Sie am meisten m\u00f6gen.<\/span><\/h3>\n<blockquote>\n<p style=\"text-align: center;\">Dann schreiben Sie den Text f\u00fcr die Karte.<\/p>\n<\/blockquote>\n<p style=\"text-align: center;\">Alle Rosenstr\u00e4u\u00dfe anzeigen.<\/p>\n<p style=\"text-align: center;\">Auf dieser Website k\u00f6nnen Sie Blumenstr\u00e4u\u00dfe bestellen.<\/p>\n<p style=\"text-align: center;\">Senden Sie Blumen nach Mallorca, Mallorca, Formentera und Ibiza.<\/p>\n<p style=\"text-align: center;\">Vor allem liefern wir Blumenstr\u00e4u\u00dfe mit frischen Blumen.<\/p>\n<p style=\"text-align: center;\">Sie sind speziell f\u00fcr Geschenke vorbereitet.<\/p>\n<p style=\"text-align: center;\">Wir liefern direkt vom Floristen an den Empf\u00e4nger.<\/p>\n<p style=\"text-align: center;\">Info: Um Blumen nach Ibiza zu senden <a href=\"https:\/\/flowersibiza.com\" target=\"_blank\" rel=\"noopener\">www.flowersibiza.com<\/a>.<\/p>\n","protected":false},"excerpt":{"rendered":"<p>Blumenstrau\u00df mit rosa und wei\u00dfen Margaritten.<\/p>\n<p>Sie k\u00f6nnen eine spezielle Vase f\u00fcr Ihre Blumen hinzuf\u00fcgen [wcps id = '946']<\/p>\n","protected":false},"featured_media":1351,"template":"","meta":{"_joinchat":[]},"product_brand":[],"product_cat":[104],"product_tag":[],"class_list":{"0":"post-2365","1":"product","2":"type-product","3":"status-publish","4":"has-post-thumbnail","6":"product_cat-blumenstrause","8":"first","9":"instock","10":"shipping-taxable","11":"purchasable","12":"product-type-simple"},"jetpack_sharing_enabled":true,"_links":{"self":[{"href":"https:\/\/flowers2mallorca.com\/de\/wp-json\/wp\/v2\/product\/2365","targetHints":{"allow":["GET"]}}],"collection":[{"href":"https:\/\/flowers2mallorca.com\/de\/wp-json\/wp\/v2\/product"}],"about":[{"href":"https:\/\/flowers2mallorca.com\/de\/wp-json\/wp\/v2\/types\/product"}],"wp:featuredmedia":[{"embeddable":true,"href":"https:\/\/flowers2mallorca.com\/de\/wp-json\/wp\/v2\/media\/1351"}],"wp:attachment":[{"href":"https:\/\/flowers2mallorca.com\/de\/wp-json\/wp\/v2\/media?parent=2365"}],"wp:term":[{"taxonomy":"product_brand","embeddable":true,"href":"https:\/\/flowers2mallorca.com\/de\/wp-json\/wp\/v2\/product_brand?post=2365"},{"taxonomy":"product_cat","embeddable":true,"href":"https:\/\/flowers2mallorca.com\/de\/wp-json\/wp\/v2\/product_cat?post=2365"},{"taxonomy":"product_tag","embeddable":true,"href":"https:\/\/flowers2mallorca.com\/de\/wp-json\/wp\/v2\/product_tag?post=2365"}],"curies":[{"name":"wp","href":"https:\/\/api.w.org\/{rel}","templated":true}]}}