{"id":2332,"date":"2021-02-11T15:31:24","date_gmt":"2021-02-11T14:31:24","guid":{"rendered":"https:\/\/flowers2mallorca.com\/delivery\/rote-rosen-mit-orchideen\/"},"modified":"2021-03-10T19:50:02","modified_gmt":"2021-03-10T18:50:02","slug":"rote-rosen-mit-orchideen","status":"publish","type":"product","link":"https:\/\/flowers2mallorca.com\/de\/liefern\/rote-rosen-mit-orchideen\/","title":{"rendered":"Rote Rosen mit Orchideen"},"content":{"rendered":"","protected":false},"excerpt":{"rendered":"<p>Sch\u00f6ner Blumenstrau\u00df mit Orchideen und Rosen.<\/p>\n<p>Sie k\u00f6nnen diese Glasvase zu diesem Blumenstrau\u00df hinzuf\u00fcgen.<\/p>\n[wcps id='1021']\n","protected":false},"featured_media":1791,"template":"","meta":{"_joinchat":[]},"product_brand":[],"product_cat":[104,109],"product_tag":[],"class_list":{"0":"post-2332","1":"product","2":"type-product","3":"status-publish","4":"has-post-thumbnail","6":"product_cat-blumenstrause","7":"product_cat-rosenlieferung-auf-mallorca","9":"first","10":"instock","11":"shipping-taxable","12":"purchasable","13":"product-type-simple"},"jetpack_sharing_enabled":true,"_links":{"self":[{"href":"https:\/\/flowers2mallorca.com\/de\/wp-json\/wp\/v2\/product\/2332","targetHints":{"allow":["GET"]}}],"collection":[{"href":"https:\/\/flowers2mallorca.com\/de\/wp-json\/wp\/v2\/product"}],"about":[{"href":"https:\/\/flowers2mallorca.com\/de\/wp-json\/wp\/v2\/types\/product"}],"wp:featuredmedia":[{"embeddable":true,"href":"https:\/\/flowers2mallorca.com\/de\/wp-json\/wp\/v2\/media\/1791"}],"wp:attachment":[{"href":"https:\/\/flowers2mallorca.com\/de\/wp-json\/wp\/v2\/media?parent=2332"}],"wp:term":[{"taxonomy":"product_brand","embeddable":true,"href":"https:\/\/flowers2mallorca.com\/de\/wp-json\/wp\/v2\/product_brand?post=2332"},{"taxonomy":"product_cat","embeddable":true,"href":"https:\/\/flowers2mallorca.com\/de\/wp-json\/wp\/v2\/product_cat?post=2332"},{"taxonomy":"product_tag","embeddable":true,"href":"https:\/\/flowers2mallorca.com\/de\/wp-json\/wp\/v2\/product_tag?post=2332"}],"curies":[{"name":"wp","href":"https:\/\/api.w.org\/{rel}","templated":true}]}}