{"id":2301,"date":"2021-02-17T08:18:52","date_gmt":"2021-02-17T07:18:52","guid":{"rendered":"https:\/\/flowers2mallorca.com\/delivery\/2301\/"},"modified":"2021-03-17T14:22:21","modified_gmt":"2021-03-17T13:22:21","slug":"chispa-mallorca","status":"publish","type":"product","link":"https:\/\/flowers2mallorca.com\/de\/liefern\/chispa-mallorca\/","title":{"rendered":"Chispa"},"content":{"rendered":"","protected":false},"excerpt":{"rendered":"<p>Abwechslungsreicher Strauss mit beige und soft gelben Rosen, Gerberas und blauer Veronica.<\/p>\n<p>Sie k\u00f6nnen diese Glasvase zu diesem Blumenstrau\u00df hinzuf\u00fcgen. [wcps id='946']<\/p>\n","protected":false},"featured_media":2013,"template":"","meta":{"_joinchat":[]},"product_brand":[],"product_cat":[104],"product_tag":[],"class_list":{"0":"post-2301","1":"product","2":"type-product","3":"status-publish","4":"has-post-thumbnail","6":"product_cat-blumenstrause","8":"first","9":"instock","10":"shipping-taxable","11":"purchasable","12":"product-type-simple"},"jetpack_sharing_enabled":true,"_links":{"self":[{"href":"https:\/\/flowers2mallorca.com\/de\/wp-json\/wp\/v2\/product\/2301","targetHints":{"allow":["GET"]}}],"collection":[{"href":"https:\/\/flowers2mallorca.com\/de\/wp-json\/wp\/v2\/product"}],"about":[{"href":"https:\/\/flowers2mallorca.com\/de\/wp-json\/wp\/v2\/types\/product"}],"wp:featuredmedia":[{"embeddable":true,"href":"https:\/\/flowers2mallorca.com\/de\/wp-json\/wp\/v2\/media\/2013"}],"wp:attachment":[{"href":"https:\/\/flowers2mallorca.com\/de\/wp-json\/wp\/v2\/media?parent=2301"}],"wp:term":[{"taxonomy":"product_brand","embeddable":true,"href":"https:\/\/flowers2mallorca.com\/de\/wp-json\/wp\/v2\/product_brand?post=2301"},{"taxonomy":"product_cat","embeddable":true,"href":"https:\/\/flowers2mallorca.com\/de\/wp-json\/wp\/v2\/product_cat?post=2301"},{"taxonomy":"product_tag","embeddable":true,"href":"https:\/\/flowers2mallorca.com\/de\/wp-json\/wp\/v2\/product_tag?post=2301"}],"curies":[{"name":"wp","href":"https:\/\/api.w.org\/{rel}","templated":true}]}}