{"id":2298,"date":"2021-02-17T08:22:57","date_gmt":"2021-02-17T07:22:57","guid":{"rendered":"https:\/\/flowers2mallorca.com\/delivery\/lilies-and-roses\/"},"modified":"2021-07-16T17:21:40","modified_gmt":"2021-07-16T15:21:40","slug":"lilien-und-rosen-auf-mallorca","status":"publish","type":"product","link":"https:\/\/flowers2mallorca.com\/de\/liefern\/lilien-und-rosen-auf-mallorca\/","title":{"rendered":"Lilies and Roses"},"content":{"rendered":"<p>Lilien und Rosen auf Mallorca. Blumenstrau\u00df aus Lilien und Rosen in Rosat\u00f6nen.<\/p>\n","protected":false},"excerpt":{"rendered":"<p>Blumenstrau\u00df aus Lilien und Rosen in Rosat\u00f6nen<\/p>\n<p>Sie k\u00f6nnen diese Glasvase zu diesem Blumenstrau\u00df hinzuf\u00fcgen.<\/p>\n[wcps id='1006']\n","protected":false},"featured_media":2019,"template":"","meta":{"_joinchat":[]},"product_brand":[],"product_cat":[104],"product_tag":[],"class_list":{"0":"post-2298","1":"product","2":"type-product","3":"status-publish","4":"has-post-thumbnail","6":"product_cat-blumenstrause","8":"first","9":"instock","10":"shipping-taxable","11":"purchasable","12":"product-type-simple"},"jetpack_sharing_enabled":true,"_links":{"self":[{"href":"https:\/\/flowers2mallorca.com\/de\/wp-json\/wp\/v2\/product\/2298","targetHints":{"allow":["GET"]}}],"collection":[{"href":"https:\/\/flowers2mallorca.com\/de\/wp-json\/wp\/v2\/product"}],"about":[{"href":"https:\/\/flowers2mallorca.com\/de\/wp-json\/wp\/v2\/types\/product"}],"wp:featuredmedia":[{"embeddable":true,"href":"https:\/\/flowers2mallorca.com\/de\/wp-json\/wp\/v2\/media\/2019"}],"wp:attachment":[{"href":"https:\/\/flowers2mallorca.com\/de\/wp-json\/wp\/v2\/media?parent=2298"}],"wp:term":[{"taxonomy":"product_brand","embeddable":true,"href":"https:\/\/flowers2mallorca.com\/de\/wp-json\/wp\/v2\/product_brand?post=2298"},{"taxonomy":"product_cat","embeddable":true,"href":"https:\/\/flowers2mallorca.com\/de\/wp-json\/wp\/v2\/product_cat?post=2298"},{"taxonomy":"product_tag","embeddable":true,"href":"https:\/\/flowers2mallorca.com\/de\/wp-json\/wp\/v2\/product_tag?post=2298"}],"curies":[{"name":"wp","href":"https:\/\/api.w.org\/{rel}","templated":true}]}}